{"id":18,"date":"2025-01-08T10:14:22","date_gmt":"2025-01-08T10:14:22","guid":{"rendered":"https:\/\/avvvarkaus.net\/newlensmedia\/?page_id=18"},"modified":"2025-06-24T12:55:56","modified_gmt":"2025-06-24T12:55:56","slug":"ota-yhteytta","status":"publish","type":"page","link":"https:\/\/avvvarkaus.net\/newlensmedia\/ota-yhteytta\/","title":{"rendered":"Ota yhteytt\u00e4"},"content":{"rendered":"\n<div class=\"wp-block-columns is-layout-flex wp-container-core-columns-is-layout-28f84493 wp-block-columns-is-layout-flex\">\n<div class=\"wp-block-column is-layout-flow wp-block-column-is-layout-flow\">\n<p><strong>Voit ottaa meihin yhteytt\u00e4 suoraan s\u00e4hk\u00f6postitse tai t\u00e4ytt\u00e4\u00e4 oheisen Forms-lomakkeen.<\/strong><\/p>\n\n\n\n<p><strong>S\u00e4hk\u00f6posti: newlensmedia25@gmail.com<\/strong><\/p>\n\n\n\n<p><strong>Linktree: linktr.ee\/newlensmediany<\/strong><\/p>\n<\/div>\n\n\n\n<div class=\"wp-block-column is-layout-flow wp-block-column-is-layout-flow\">\n<h3 class=\"wp-block-heading has-text-align-center\">T\u00e4yt\u00e4 Forms-lomake alta!<\/h3>\n\n\n\n<div class=\"wp-block-buttons is-content-justification-center is-nowrap is-layout-flex wp-container-core-buttons-is-layout-12a27398 wp-block-buttons-is-layout-flex\">\n<div class=\"wp-block-button\"><a class=\"wp-block-button__link has-white-color has-ast-global-color-1-background-color has-text-color has-background has-link-color has-text-align-center wp-element-button\" href=\"https:\/\/forms.gle\/JDzmUMTeiPoXWtHbA\">Ota yhteytt\u00e4!<\/a><\/div>\n<\/div>\n<\/div>\n<\/div>\n\n\n\n<p><br><br><br><br><br><br><\/p>\n","protected":false},"excerpt":{"rendered":"<p>Voit ottaa meihin yhteytt\u00e4 suoraan s\u00e4hk\u00f6postitse tai t\u00e4ytt\u00e4\u00e4 oheisen Forms-lomakkeen. S\u00e4hk\u00f6posti: newlensmedia25@gmail.com Linktree: linktr.ee\/newlensmediany T\u00e4yt\u00e4 Forms-lomake alta!<\/p>\n","protected":false},"author":1,"featured_media":0,"parent":0,"menu_order":0,"comment_status":"closed","ping_status":"closed","template":"","meta":{"site-sidebar-layout":"default","site-content-layout":"","ast-site-content-layout":"default","site-content-style":"default","site-sidebar-style":"default","ast-global-header-display":"","ast-banner-title-visibility":"","ast-main-header-display":"","ast-hfb-above-header-display":"","ast-hfb-below-header-display":"","ast-hfb-mobile-header-display":"","site-post-title":"","ast-breadcrumbs-content":"","ast-featured-img":"","footer-sml-layout":"","theme-transparent-header-meta":"","adv-header-id-meta":"","stick-header-meta":"","header-above-stick-meta":"","header-main-stick-meta":"","header-below-stick-meta":"","astra-migrate-meta-layouts":"default","ast-page-background-enabled":"default","ast-page-background-meta":{"desktop":{"background-color":"var(--ast-global-color-5)","background-image":"","background-repeat":"repeat","background-position":"center center","background-size":"auto","background-attachment":"scroll","background-type":"","background-media":"","overlay-type":"","overlay-color":"","overlay-opacity":"","overlay-gradient":""},"tablet":{"background-color":"","background-image":"","background-repeat":"repeat","background-position":"center center","background-size":"auto","background-attachment":"scroll","background-type":"","background-media":"","overlay-type":"","overlay-color":"","overlay-opacity":"","overlay-gradient":""},"mobile":{"background-color":"","background-image":"","background-repeat":"repeat","background-position":"center center","background-size":"auto","background-attachment":"scroll","background-type":"","background-media":"","overlay-type":"","overlay-color":"","overlay-opacity":"","overlay-gradient":""}},"ast-content-background-meta":{"desktop":{"background-color":"var(--ast-global-color-4)","background-image":"","background-repeat":"repeat","background-position":"center center","background-size":"auto","background-attachment":"scroll","background-type":"","background-media":"","overlay-type":"","overlay-color":"","overlay-opacity":"","overlay-gradient":""},"tablet":{"background-color":"var(--ast-global-color-4)","background-image":"","background-repeat":"repeat","background-position":"center center","background-size":"auto","background-attachment":"scroll","background-type":"","background-media":"","overlay-type":"","overlay-color":"","overlay-opacity":"","overlay-gradient":""},"mobile":{"background-color":"var(--ast-global-color-4)","background-image":"","background-repeat":"repeat","background-position":"center center","background-size":"auto","background-attachment":"scroll","background-type":"","background-media":"","overlay-type":"","overlay-color":"","overlay-opacity":"","overlay-gradient":""}},"footnotes":""},"class_list":["post-18","page","type-page","status-publish","hentry"],"yoast_head":"<!-- This site is optimized with the Yoast SEO plugin v27.6 - https:\/\/yoast.com\/product\/yoast-seo-wordpress\/ -->\n<title>Ota yhteytt\u00e4 |<\/title>\n<meta name=\"robots\" content=\"index, follow, max-snippet:-1, max-image-preview:large, max-video-preview:-1\" \/>\n<link rel=\"canonical\" href=\"https:\/\/avvvarkaus.net\/newlensmedia\/ota-yhteytta\/\" \/>\n<meta property=\"og:locale\" content=\"fi_FI\" \/>\n<meta property=\"og:type\" content=\"article\" \/>\n<meta property=\"og:title\" content=\"Ota yhteytt\u00e4 |\" \/>\n<meta property=\"og:description\" content=\"Voit ottaa meihin yhteytt\u00e4 suoraan s\u00e4hk\u00f6postitse tai t\u00e4ytt\u00e4\u00e4 oheisen Forms-lomakkeen. S\u00e4hk\u00f6posti: newlensmedia25@gmail.com Linktree: linktr.ee\/newlensmediany T\u00e4yt\u00e4 Forms-lomake alta!\" \/>\n<meta property=\"og:url\" content=\"https:\/\/avvvarkaus.net\/newlensmedia\/ota-yhteytta\/\" \/>\n<meta property=\"article:publisher\" content=\"https:\/\/www.facebook.com\/profile.php?id=61571730986897\" \/>\n<meta property=\"article:modified_time\" content=\"2025-06-24T12:55:56+00:00\" \/>\n<meta name=\"twitter:card\" content=\"summary_large_image\" \/>\n<meta name=\"twitter:label1\" content=\"Arvioitu lukuaika\" \/>\n\t<meta name=\"twitter:data1\" content=\"1 minuutti\" \/>\n<script type=\"application\/ld+json\" class=\"yoast-schema-graph\">{\"@context\":\"https:\\\/\\\/schema.org\",\"@graph\":[{\"@type\":\"WebPage\",\"@id\":\"https:\\\/\\\/avvvarkaus.net\\\/newlensmedia\\\/ota-yhteytta\\\/\",\"url\":\"https:\\\/\\\/avvvarkaus.net\\\/newlensmedia\\\/ota-yhteytta\\\/\",\"name\":\"Ota yhteytt\u00e4 |\",\"isPartOf\":{\"@id\":\"https:\\\/\\\/avvvarkaus.net\\\/newlensmedia\\\/#website\"},\"datePublished\":\"2025-01-08T10:14:22+00:00\",\"dateModified\":\"2025-06-24T12:55:56+00:00\",\"breadcrumb\":{\"@id\":\"https:\\\/\\\/avvvarkaus.net\\\/newlensmedia\\\/ota-yhteytta\\\/#breadcrumb\"},\"inLanguage\":\"fi\",\"potentialAction\":[{\"@type\":\"ReadAction\",\"target\":[\"https:\\\/\\\/avvvarkaus.net\\\/newlensmedia\\\/ota-yhteytta\\\/\"]}]},{\"@type\":\"BreadcrumbList\",\"@id\":\"https:\\\/\\\/avvvarkaus.net\\\/newlensmedia\\\/ota-yhteytta\\\/#breadcrumb\",\"itemListElement\":[{\"@type\":\"ListItem\",\"position\":1,\"name\":\"Etusivu\",\"item\":\"https:\\\/\\\/avvvarkaus.net\\\/newlensmedia\\\/\"},{\"@type\":\"ListItem\",\"position\":2,\"name\":\"Ota yhteytt\u00e4\"}]},{\"@type\":\"WebSite\",\"@id\":\"https:\\\/\\\/avvvarkaus.net\\\/newlensmedia\\\/#website\",\"url\":\"https:\\\/\\\/avvvarkaus.net\\\/newlensmedia\\\/\",\"name\":\"NewLens Media\",\"description\":\"NewLens Media Ny\",\"publisher\":{\"@id\":\"https:\\\/\\\/avvvarkaus.net\\\/newlensmedia\\\/#organization\"},\"potentialAction\":[{\"@type\":\"SearchAction\",\"target\":{\"@type\":\"EntryPoint\",\"urlTemplate\":\"https:\\\/\\\/avvvarkaus.net\\\/newlensmedia\\\/?s={search_term_string}\"},\"query-input\":{\"@type\":\"PropertyValueSpecification\",\"valueRequired\":true,\"valueName\":\"search_term_string\"}}],\"inLanguage\":\"fi\"},{\"@type\":\"Organization\",\"@id\":\"https:\\\/\\\/avvvarkaus.net\\\/newlensmedia\\\/#organization\",\"name\":\"NewLens Media NY\",\"url\":\"https:\\\/\\\/avvvarkaus.net\\\/newlensmedia\\\/\",\"logo\":{\"@type\":\"ImageObject\",\"inLanguage\":\"fi\",\"@id\":\"https:\\\/\\\/avvvarkaus.net\\\/newlensmedia\\\/#\\\/schema\\\/logo\\\/image\\\/\",\"url\":\"https:\\\/\\\/avvvarkaus.net\\\/newlensmedia\\\/wp-content\\\/uploads\\\/2025\\\/06\\\/newlens_media_ny_tunnus_sRGB.png\",\"contentUrl\":\"https:\\\/\\\/avvvarkaus.net\\\/newlensmedia\\\/wp-content\\\/uploads\\\/2025\\\/06\\\/newlens_media_ny_tunnus_sRGB.png\",\"width\":1000,\"height\":867,\"caption\":\"NewLens Media NY\"},\"image\":{\"@id\":\"https:\\\/\\\/avvvarkaus.net\\\/newlensmedia\\\/#\\\/schema\\\/logo\\\/image\\\/\"},\"sameAs\":[\"https:\\\/\\\/www.facebook.com\\\/profile.php?id=61571730986897\",\"https:\\\/\\\/www.youtube.com\\\/@newlensmedia25\",\"https:\\\/\\\/www.instagram.com\\\/newlensmedia_ny\\\/\",\"https:\\\/\\\/www.linkedin.com\\\/in\\\/newlens-media-ny-577263345\\\/\"]}]}<\/script>\n<!-- \/ Yoast SEO plugin. -->","yoast_head_json":{"title":"Ota yhteytt\u00e4 |","robots":{"index":"index","follow":"follow","max-snippet":"max-snippet:-1","max-image-preview":"max-image-preview:large","max-video-preview":"max-video-preview:-1"},"canonical":"https:\/\/avvvarkaus.net\/newlensmedia\/ota-yhteytta\/","og_locale":"fi_FI","og_type":"article","og_title":"Ota yhteytt\u00e4 |","og_description":"Voit ottaa meihin yhteytt\u00e4 suoraan s\u00e4hk\u00f6postitse tai t\u00e4ytt\u00e4\u00e4 oheisen Forms-lomakkeen. S\u00e4hk\u00f6posti: newlensmedia25@gmail.com Linktree: linktr.ee\/newlensmediany T\u00e4yt\u00e4 Forms-lomake alta!","og_url":"https:\/\/avvvarkaus.net\/newlensmedia\/ota-yhteytta\/","article_publisher":"https:\/\/www.facebook.com\/profile.php?id=61571730986897","article_modified_time":"2025-06-24T12:55:56+00:00","twitter_card":"summary_large_image","twitter_misc":{"Arvioitu lukuaika":"1 minuutti"},"schema":{"@context":"https:\/\/schema.org","@graph":[{"@type":"WebPage","@id":"https:\/\/avvvarkaus.net\/newlensmedia\/ota-yhteytta\/","url":"https:\/\/avvvarkaus.net\/newlensmedia\/ota-yhteytta\/","name":"Ota yhteytt\u00e4 |","isPartOf":{"@id":"https:\/\/avvvarkaus.net\/newlensmedia\/#website"},"datePublished":"2025-01-08T10:14:22+00:00","dateModified":"2025-06-24T12:55:56+00:00","breadcrumb":{"@id":"https:\/\/avvvarkaus.net\/newlensmedia\/ota-yhteytta\/#breadcrumb"},"inLanguage":"fi","potentialAction":[{"@type":"ReadAction","target":["https:\/\/avvvarkaus.net\/newlensmedia\/ota-yhteytta\/"]}]},{"@type":"BreadcrumbList","@id":"https:\/\/avvvarkaus.net\/newlensmedia\/ota-yhteytta\/#breadcrumb","itemListElement":[{"@type":"ListItem","position":1,"name":"Etusivu","item":"https:\/\/avvvarkaus.net\/newlensmedia\/"},{"@type":"ListItem","position":2,"name":"Ota yhteytt\u00e4"}]},{"@type":"WebSite","@id":"https:\/\/avvvarkaus.net\/newlensmedia\/#website","url":"https:\/\/avvvarkaus.net\/newlensmedia\/","name":"NewLens Media","description":"NewLens Media Ny","publisher":{"@id":"https:\/\/avvvarkaus.net\/newlensmedia\/#organization"},"potentialAction":[{"@type":"SearchAction","target":{"@type":"EntryPoint","urlTemplate":"https:\/\/avvvarkaus.net\/newlensmedia\/?s={search_term_string}"},"query-input":{"@type":"PropertyValueSpecification","valueRequired":true,"valueName":"search_term_string"}}],"inLanguage":"fi"},{"@type":"Organization","@id":"https:\/\/avvvarkaus.net\/newlensmedia\/#organization","name":"NewLens Media NY","url":"https:\/\/avvvarkaus.net\/newlensmedia\/","logo":{"@type":"ImageObject","inLanguage":"fi","@id":"https:\/\/avvvarkaus.net\/newlensmedia\/#\/schema\/logo\/image\/","url":"https:\/\/avvvarkaus.net\/newlensmedia\/wp-content\/uploads\/2025\/06\/newlens_media_ny_tunnus_sRGB.png","contentUrl":"https:\/\/avvvarkaus.net\/newlensmedia\/wp-content\/uploads\/2025\/06\/newlens_media_ny_tunnus_sRGB.png","width":1000,"height":867,"caption":"NewLens Media NY"},"image":{"@id":"https:\/\/avvvarkaus.net\/newlensmedia\/#\/schema\/logo\/image\/"},"sameAs":["https:\/\/www.facebook.com\/profile.php?id=61571730986897","https:\/\/www.youtube.com\/@newlensmedia25","https:\/\/www.instagram.com\/newlensmedia_ny\/","https:\/\/www.linkedin.com\/in\/newlens-media-ny-577263345\/"]}]}},"_links":{"self":[{"href":"https:\/\/avvvarkaus.net\/newlensmedia\/wp-json\/wp\/v2\/pages\/18","targetHints":{"allow":["GET"]}}],"collection":[{"href":"https:\/\/avvvarkaus.net\/newlensmedia\/wp-json\/wp\/v2\/pages"}],"about":[{"href":"https:\/\/avvvarkaus.net\/newlensmedia\/wp-json\/wp\/v2\/types\/page"}],"author":[{"embeddable":true,"href":"https:\/\/avvvarkaus.net\/newlensmedia\/wp-json\/wp\/v2\/users\/1"}],"replies":[{"embeddable":true,"href":"https:\/\/avvvarkaus.net\/newlensmedia\/wp-json\/wp\/v2\/comments?post=18"}],"version-history":[{"count":13,"href":"https:\/\/avvvarkaus.net\/newlensmedia\/wp-json\/wp\/v2\/pages\/18\/revisions"}],"predecessor-version":[{"id":795,"href":"https:\/\/avvvarkaus.net\/newlensmedia\/wp-json\/wp\/v2\/pages\/18\/revisions\/795"}],"wp:attachment":[{"href":"https:\/\/avvvarkaus.net\/newlensmedia\/wp-json\/wp\/v2\/media?parent=18"}],"curies":[{"name":"wp","href":"https:\/\/api.w.org\/{rel}","templated":true}]}}