{"id":21,"date":"2025-01-08T10:14:59","date_gmt":"2025-01-08T10:14:59","guid":{"rendered":"https:\/\/avvvarkaus.net\/newlensmedia\/?page_id=21"},"modified":"2025-06-24T12:35:38","modified_gmt":"2025-06-24T12:35:38","slug":"logot","status":"publish","type":"page","link":"https:\/\/avvvarkaus.net\/newlensmedia\/palvelut\/logot\/","title":{"rendered":"Logot"},"content":{"rendered":"\n<h2 class=\"wp-block-heading has-text-align-center has-x-large-font-size\"><strong>Logot<\/strong><\/h2>\n\n\n\n<div class=\"wp-block-columns is-layout-flex wp-container-core-columns-is-layout-28f84493 wp-block-columns-is-layout-flex\">\n<div class=\"wp-block-column has-ast-global-color-2-color has-ast-global-color-1-background-color has-text-color has-background has-link-color wp-elements-06b114791c5e69bd2574be8c7b212134 is-layout-flow wp-block-column-is-layout-flow\" style=\"padding-top:2em;padding-right:2em;padding-bottom:2em;padding-left:2em\">\n<h2 class=\"wp-block-heading has-text-align-center has-ast-global-color-2-color has-text-color has-link-color wp-elements-7bd959e61e8d6fbc2660af57cb8f363a\" id=\"single\" style=\"font-size:40px\"><strong>Logo<\/strong><\/h2>\n\n\n\n<p class=\"has-ast-global-color-2-color has-text-color has-link-color has-medium-font-size wp-elements-0f8efe574e89af558bc172e8475d07ae\" style=\"line-height:1.5\">Logo on t\u00e4rke\u00e4 osa yrityksen tai br\u00e4ndin kuvaa. Sen on oltava asiakkaalle mieleenpainuva. Me voimme auttaa. <\/p>\n\n\n\n<hr class=\"wp-block-separator has-text-color has-css-opacity has-background is-style-wide\" style=\"background-color:#000000;color:#000000\"\/>\n\n\n\n<ul class=\"wp-block-list has-ast-global-color-2-color has-text-color has-link-color has-normal-font-size wp-elements-7e14957a226cccede376a5f94e1586b5\">\n<li class=\"has-ast-global-color-2-color has-text-color has-link-color wp-elements-a7395db6488b41419d3b7d8657e5bc38\">Kaksi alustavaa luonnosta <\/li>\n\n\n\n<li class=\"has-ast-global-color-2-color has-text-color has-link-color wp-elements-be755bc022fb426c321a38a8bdbbdc40\">Yksi korjaus toiseen luonnokseen sis\u00e4ltyy hintaan\n<ul class=\"wp-block-list\">\n<li>Sitten korjauksista lis\u00e4maksu. (10\u20ac)<\/li>\n<\/ul>\n<\/li>\n\n\n\n<li class=\"has-ast-global-color-2-color has-text-color has-link-color wp-elements-1ccdc55ed7500ecedaffb74c0eca11e9\">Saat logosta:\n<ul class=\"wp-block-list\">\n<li>Vektoritiedoston<\/li>\n\n\n\n<li>PDF-tiedoston<\/li>\n\n\n\n<li>Logo profiilikuvat someen (Facebook, Instagram, LinkedIn ja Youtube)<\/li>\n<\/ul>\n<\/li>\n<\/ul>\n\n\n\n<p class=\"has-text-align-center has-ast-global-color-2-color has-text-color has-link-color has-x-large-font-size wp-elements-e7461ed4d3d4e2a077c9b977e27f7f7c\"><strong>Alk. 95\u20ac<\/strong><\/p>\n\n\n\n<div class=\"wp-block-buttons alignfull is-horizontal is-content-justification-center is-layout-flex wp-container-core-buttons-is-layout-03627597 wp-block-buttons-is-layout-flex\">\n<div class=\"wp-block-button has-custom-width wp-block-button__width-75 is-style-fill\"><a class=\"wp-block-button__link has-white-color has-ast-global-color-0-background-color has-text-color has-background has-large-font-size no-border-radius has-custom-font-size wp-element-button\" href=\"https:\/\/avvvarkaus.net\/newlensmedia\/index.php\/ota-yhteytta\/\"><strong>Tilaa t\u00e4\u00e4lt\u00e4<\/strong>!<\/a><\/div>\n<\/div>\n<\/div>\n<\/div>\n\n\n\n<p class=\"has-text-align-center has-medium-font-size\"><strong>Tutustu aiemmin tekemiimme t\u00f6ihin referenssit &#8211; sivultamme! <\/strong><\/p>\n\n\n\n<div class=\"wp-block-buttons alignwide is-content-justification-center is-layout-flex wp-container-core-buttons-is-layout-a89b3969 wp-block-buttons-is-layout-flex\">\n<div class=\"wp-block-button\"><a class=\"wp-block-button__link has-white-color has-ast-global-color-1-background-color has-text-color has-background has-link-color has-text-align-center wp-element-button\" href=\"https:\/\/avvvarkaus.net\/newlensmedia\/index.php\/referenssit\/\"><strong>Referenssit <\/strong><\/a><\/div>\n<\/div>\n\n\n\n<p><\/p>\n","protected":false},"excerpt":{"rendered":"<p>Logot Logo Logo on t\u00e4rke\u00e4 osa yrityksen tai br\u00e4ndin kuvaa. Sen on oltava asiakkaalle mieleenpainuva. Me voimme auttaa. Alk. 95\u20ac [&hellip;]<\/p>\n","protected":false},"author":1,"featured_media":0,"parent":8,"menu_order":0,"comment_status":"closed","ping_status":"closed","template":"","meta":{"site-sidebar-layout":"default","site-content-layout":"","ast-site-content-layout":"default","site-content-style":"default","site-sidebar-style":"default","ast-global-header-display":"","ast-banner-title-visibility":"","ast-main-header-display":"","ast-hfb-above-header-display":"","ast-hfb-below-header-display":"","ast-hfb-mobile-header-display":"","site-post-title":"","ast-breadcrumbs-content":"","ast-featured-img":"","footer-sml-layout":"","theme-transparent-header-meta":"","adv-header-id-meta":"","stick-header-meta":"","header-above-stick-meta":"","header-main-stick-meta":"","header-below-stick-meta":"","astra-migrate-meta-layouts":"default","ast-page-background-enabled":"default","ast-page-background-meta":{"desktop":{"background-color":"var(--ast-global-color-5)","background-image":"","background-repeat":"repeat","background-position":"center center","background-size":"auto","background-attachment":"scroll","background-type":"","background-media":"","overlay-type":"","overlay-color":"","overlay-opacity":"","overlay-gradient":""},"tablet":{"background-color":"","background-image":"","background-repeat":"repeat","background-position":"center center","background-size":"auto","background-attachment":"scroll","background-type":"","background-media":"","overlay-type":"","overlay-color":"","overlay-opacity":"","overlay-gradient":""},"mobile":{"background-color":"","background-image":"","background-repeat":"repeat","background-position":"center center","background-size":"auto","background-attachment":"scroll","background-type":"","background-media":"","overlay-type":"","overlay-color":"","overlay-opacity":"","overlay-gradient":""}},"ast-content-background-meta":{"desktop":{"background-color":"var(--ast-global-color-4)","background-image":"","background-repeat":"repeat","background-position":"center center","background-size":"auto","background-attachment":"scroll","background-type":"","background-media":"","overlay-type":"","overlay-color":"","overlay-opacity":"","overlay-gradient":""},"tablet":{"background-color":"var(--ast-global-color-4)","background-image":"","background-repeat":"repeat","background-position":"center center","background-size":"auto","background-attachment":"scroll","background-type":"","background-media":"","overlay-type":"","overlay-color":"","overlay-opacity":"","overlay-gradient":""},"mobile":{"background-color":"var(--ast-global-color-4)","background-image":"","background-repeat":"repeat","background-position":"center center","background-size":"auto","background-attachment":"scroll","background-type":"","background-media":"","overlay-type":"","overlay-color":"","overlay-opacity":"","overlay-gradient":""}},"footnotes":""},"class_list":["post-21","page","type-page","status-publish","hentry"],"yoast_head":"<!-- This site is optimized with the Yoast SEO plugin v27.6 - https:\/\/yoast.com\/product\/yoast-seo-wordpress\/ -->\n<title>Logot |<\/title>\n<meta name=\"description\" content=\"Mieleenpainuvat logot yrityksille halvoin opiskelijahinnoin. Saat logosta valmiin vektoritiedoston sek\u00e4 laadukkaan kuvatiedoston.\" \/>\n<meta name=\"robots\" content=\"index, follow, max-snippet:-1, max-image-preview:large, max-video-preview:-1\" \/>\n<link rel=\"canonical\" href=\"https:\/\/avvvarkaus.net\/newlensmedia\/palvelut\/logot\/\" \/>\n<meta property=\"og:locale\" content=\"fi_FI\" \/>\n<meta property=\"og:type\" content=\"article\" \/>\n<meta property=\"og:title\" content=\"Logot |\" \/>\n<meta property=\"og:description\" content=\"Mieleenpainuvat logot yrityksille halvoin opiskelijahinnoin. Saat logosta valmiin vektoritiedoston sek\u00e4 laadukkaan kuvatiedoston.\" \/>\n<meta property=\"og:url\" content=\"https:\/\/avvvarkaus.net\/newlensmedia\/palvelut\/logot\/\" \/>\n<meta property=\"article:publisher\" content=\"https:\/\/www.facebook.com\/profile.php?id=61571730986897\" \/>\n<meta property=\"article:modified_time\" content=\"2025-06-24T12:35:38+00:00\" \/>\n<meta name=\"twitter:card\" content=\"summary_large_image\" \/>\n<meta name=\"twitter:label1\" content=\"Arvioitu lukuaika\" \/>\n\t<meta name=\"twitter:data1\" content=\"1 minuutti\" \/>\n<script type=\"application\/ld+json\" class=\"yoast-schema-graph\">{\"@context\":\"https:\\\/\\\/schema.org\",\"@graph\":[{\"@type\":\"WebPage\",\"@id\":\"https:\\\/\\\/avvvarkaus.net\\\/newlensmedia\\\/palvelut\\\/logot\\\/\",\"url\":\"https:\\\/\\\/avvvarkaus.net\\\/newlensmedia\\\/palvelut\\\/logot\\\/\",\"name\":\"Logot |\",\"isPartOf\":{\"@id\":\"https:\\\/\\\/avvvarkaus.net\\\/newlensmedia\\\/#website\"},\"datePublished\":\"2025-01-08T10:14:59+00:00\",\"dateModified\":\"2025-06-24T12:35:38+00:00\",\"description\":\"Mieleenpainuvat logot yrityksille halvoin opiskelijahinnoin. Saat logosta valmiin vektoritiedoston sek\u00e4 laadukkaan kuvatiedoston.\",\"breadcrumb\":{\"@id\":\"https:\\\/\\\/avvvarkaus.net\\\/newlensmedia\\\/palvelut\\\/logot\\\/#breadcrumb\"},\"inLanguage\":\"fi\",\"potentialAction\":[{\"@type\":\"ReadAction\",\"target\":[\"https:\\\/\\\/avvvarkaus.net\\\/newlensmedia\\\/palvelut\\\/logot\\\/\"]}]},{\"@type\":\"BreadcrumbList\",\"@id\":\"https:\\\/\\\/avvvarkaus.net\\\/newlensmedia\\\/palvelut\\\/logot\\\/#breadcrumb\",\"itemListElement\":[{\"@type\":\"ListItem\",\"position\":1,\"name\":\"Etusivu\",\"item\":\"https:\\\/\\\/avvvarkaus.net\\\/newlensmedia\\\/\"},{\"@type\":\"ListItem\",\"position\":2,\"name\":\"Palvelut\",\"item\":\"https:\\\/\\\/avvvarkaus.net\\\/newlensmedia\\\/palvelut\\\/\"},{\"@type\":\"ListItem\",\"position\":3,\"name\":\"Logot\"}]},{\"@type\":\"WebSite\",\"@id\":\"https:\\\/\\\/avvvarkaus.net\\\/newlensmedia\\\/#website\",\"url\":\"https:\\\/\\\/avvvarkaus.net\\\/newlensmedia\\\/\",\"name\":\"NewLens Media\",\"description\":\"NewLens Media Ny\",\"publisher\":{\"@id\":\"https:\\\/\\\/avvvarkaus.net\\\/newlensmedia\\\/#organization\"},\"potentialAction\":[{\"@type\":\"SearchAction\",\"target\":{\"@type\":\"EntryPoint\",\"urlTemplate\":\"https:\\\/\\\/avvvarkaus.net\\\/newlensmedia\\\/?s={search_term_string}\"},\"query-input\":{\"@type\":\"PropertyValueSpecification\",\"valueRequired\":true,\"valueName\":\"search_term_string\"}}],\"inLanguage\":\"fi\"},{\"@type\":\"Organization\",\"@id\":\"https:\\\/\\\/avvvarkaus.net\\\/newlensmedia\\\/#organization\",\"name\":\"NewLens Media NY\",\"url\":\"https:\\\/\\\/avvvarkaus.net\\\/newlensmedia\\\/\",\"logo\":{\"@type\":\"ImageObject\",\"inLanguage\":\"fi\",\"@id\":\"https:\\\/\\\/avvvarkaus.net\\\/newlensmedia\\\/#\\\/schema\\\/logo\\\/image\\\/\",\"url\":\"https:\\\/\\\/avvvarkaus.net\\\/newlensmedia\\\/wp-content\\\/uploads\\\/2025\\\/06\\\/newlens_media_ny_tunnus_sRGB.png\",\"contentUrl\":\"https:\\\/\\\/avvvarkaus.net\\\/newlensmedia\\\/wp-content\\\/uploads\\\/2025\\\/06\\\/newlens_media_ny_tunnus_sRGB.png\",\"width\":1000,\"height\":867,\"caption\":\"NewLens Media NY\"},\"image\":{\"@id\":\"https:\\\/\\\/avvvarkaus.net\\\/newlensmedia\\\/#\\\/schema\\\/logo\\\/image\\\/\"},\"sameAs\":[\"https:\\\/\\\/www.facebook.com\\\/profile.php?id=61571730986897\",\"https:\\\/\\\/www.youtube.com\\\/@newlensmedia25\",\"https:\\\/\\\/www.instagram.com\\\/newlensmedia_ny\\\/\",\"https:\\\/\\\/www.linkedin.com\\\/in\\\/newlens-media-ny-577263345\\\/\"]}]}<\/script>\n<!-- \/ Yoast SEO plugin. -->","yoast_head_json":{"title":"Logot |","description":"Mieleenpainuvat logot yrityksille halvoin opiskelijahinnoin. Saat logosta valmiin vektoritiedoston sek\u00e4 laadukkaan kuvatiedoston.","robots":{"index":"index","follow":"follow","max-snippet":"max-snippet:-1","max-image-preview":"max-image-preview:large","max-video-preview":"max-video-preview:-1"},"canonical":"https:\/\/avvvarkaus.net\/newlensmedia\/palvelut\/logot\/","og_locale":"fi_FI","og_type":"article","og_title":"Logot |","og_description":"Mieleenpainuvat logot yrityksille halvoin opiskelijahinnoin. Saat logosta valmiin vektoritiedoston sek\u00e4 laadukkaan kuvatiedoston.","og_url":"https:\/\/avvvarkaus.net\/newlensmedia\/palvelut\/logot\/","article_publisher":"https:\/\/www.facebook.com\/profile.php?id=61571730986897","article_modified_time":"2025-06-24T12:35:38+00:00","twitter_card":"summary_large_image","twitter_misc":{"Arvioitu lukuaika":"1 minuutti"},"schema":{"@context":"https:\/\/schema.org","@graph":[{"@type":"WebPage","@id":"https:\/\/avvvarkaus.net\/newlensmedia\/palvelut\/logot\/","url":"https:\/\/avvvarkaus.net\/newlensmedia\/palvelut\/logot\/","name":"Logot |","isPartOf":{"@id":"https:\/\/avvvarkaus.net\/newlensmedia\/#website"},"datePublished":"2025-01-08T10:14:59+00:00","dateModified":"2025-06-24T12:35:38+00:00","description":"Mieleenpainuvat logot yrityksille halvoin opiskelijahinnoin. Saat logosta valmiin vektoritiedoston sek\u00e4 laadukkaan kuvatiedoston.","breadcrumb":{"@id":"https:\/\/avvvarkaus.net\/newlensmedia\/palvelut\/logot\/#breadcrumb"},"inLanguage":"fi","potentialAction":[{"@type":"ReadAction","target":["https:\/\/avvvarkaus.net\/newlensmedia\/palvelut\/logot\/"]}]},{"@type":"BreadcrumbList","@id":"https:\/\/avvvarkaus.net\/newlensmedia\/palvelut\/logot\/#breadcrumb","itemListElement":[{"@type":"ListItem","position":1,"name":"Etusivu","item":"https:\/\/avvvarkaus.net\/newlensmedia\/"},{"@type":"ListItem","position":2,"name":"Palvelut","item":"https:\/\/avvvarkaus.net\/newlensmedia\/palvelut\/"},{"@type":"ListItem","position":3,"name":"Logot"}]},{"@type":"WebSite","@id":"https:\/\/avvvarkaus.net\/newlensmedia\/#website","url":"https:\/\/avvvarkaus.net\/newlensmedia\/","name":"NewLens Media","description":"NewLens Media Ny","publisher":{"@id":"https:\/\/avvvarkaus.net\/newlensmedia\/#organization"},"potentialAction":[{"@type":"SearchAction","target":{"@type":"EntryPoint","urlTemplate":"https:\/\/avvvarkaus.net\/newlensmedia\/?s={search_term_string}"},"query-input":{"@type":"PropertyValueSpecification","valueRequired":true,"valueName":"search_term_string"}}],"inLanguage":"fi"},{"@type":"Organization","@id":"https:\/\/avvvarkaus.net\/newlensmedia\/#organization","name":"NewLens Media NY","url":"https:\/\/avvvarkaus.net\/newlensmedia\/","logo":{"@type":"ImageObject","inLanguage":"fi","@id":"https:\/\/avvvarkaus.net\/newlensmedia\/#\/schema\/logo\/image\/","url":"https:\/\/avvvarkaus.net\/newlensmedia\/wp-content\/uploads\/2025\/06\/newlens_media_ny_tunnus_sRGB.png","contentUrl":"https:\/\/avvvarkaus.net\/newlensmedia\/wp-content\/uploads\/2025\/06\/newlens_media_ny_tunnus_sRGB.png","width":1000,"height":867,"caption":"NewLens Media NY"},"image":{"@id":"https:\/\/avvvarkaus.net\/newlensmedia\/#\/schema\/logo\/image\/"},"sameAs":["https:\/\/www.facebook.com\/profile.php?id=61571730986897","https:\/\/www.youtube.com\/@newlensmedia25","https:\/\/www.instagram.com\/newlensmedia_ny\/","https:\/\/www.linkedin.com\/in\/newlens-media-ny-577263345\/"]}]}},"_links":{"self":[{"href":"https:\/\/avvvarkaus.net\/newlensmedia\/wp-json\/wp\/v2\/pages\/21","targetHints":{"allow":["GET"]}}],"collection":[{"href":"https:\/\/avvvarkaus.net\/newlensmedia\/wp-json\/wp\/v2\/pages"}],"about":[{"href":"https:\/\/avvvarkaus.net\/newlensmedia\/wp-json\/wp\/v2\/types\/page"}],"author":[{"embeddable":true,"href":"https:\/\/avvvarkaus.net\/newlensmedia\/wp-json\/wp\/v2\/users\/1"}],"replies":[{"embeddable":true,"href":"https:\/\/avvvarkaus.net\/newlensmedia\/wp-json\/wp\/v2\/comments?post=21"}],"version-history":[{"count":22,"href":"https:\/\/avvvarkaus.net\/newlensmedia\/wp-json\/wp\/v2\/pages\/21\/revisions"}],"predecessor-version":[{"id":782,"href":"https:\/\/avvvarkaus.net\/newlensmedia\/wp-json\/wp\/v2\/pages\/21\/revisions\/782"}],"up":[{"embeddable":true,"href":"https:\/\/avvvarkaus.net\/newlensmedia\/wp-json\/wp\/v2\/pages\/8"}],"wp:attachment":[{"href":"https:\/\/avvvarkaus.net\/newlensmedia\/wp-json\/wp\/v2\/media?parent=21"}],"curies":[{"name":"wp","href":"https:\/\/api.w.org\/{rel}","templated":true}]}}